{"id":276,"date":"2026-02-28T16:13:12","date_gmt":"2026-02-28T19:13:12","guid":{"rendered":"https:\/\/smlab.imd.ufrn.br\/spici\/?page_id=276"},"modified":"2026-03-10T15:27:04","modified_gmt":"2026-03-10T18:27:04","slug":"276-2","status":"publish","type":"page","link":"https:\/\/smlab.imd.ufrn.br\/spici\/pt\/","title":{"rendered":"Home"},"content":{"rendered":"<h2 style=\"text-align: center\"><strong>Sobre N\u00f3s<\/strong><\/h2>\n<p class=\"query-text-line ng-star-inserted\" style=\"text-align: justify\">O SPICI &#8211; Seguran\u00e7a P\u00fablica Integrada em Cidades Inteligentes,\u00a0 \u00e9 um projeto financiado pela FINEP e apoiado pela FUNPEC\/UFRN com atua\u00e7\u00e3o na \u00e1rea de seguran\u00e7a p\u00fablica utilizando tecnologias 5G em um cen\u00e1rio de cidades inteligentes.<\/p>\n<p class=\"query-text-line ng-star-inserted\" style=\"text-align: justify\">Fazem parte desse projeto professores do quadro permanente do DIMAp e do IMD\/UFRN, al\u00e9m de alunos de doutorado, mestrado e inicia\u00e7\u00e3o cient\u00edfica. O projeto tamb\u00e9m conta com uma parceria com o Instituto Nacional de Engenharia de Software (INES).<\/p>\n<h2 class=\"query-text-line ng-star-inserted\" style=\"text-align: center\"><strong>Objetivo<\/strong><\/h2>\n<p class=\"query-text-line ng-star-inserted\" style=\"text-align: justify\">O objetivo do SPICI \u00e9 o desenvolvimento de aplica\u00e7\u00f5es voltadas para a seguran\u00e7a p\u00fablica de forma integrada utilizando tecnologias 5G.<\/p>\n<p class=\"query-text-line ng-star-inserted\" style=\"text-align: justify\">As aplica\u00e7\u00f5es que est\u00e3o sendo desenvolvidas no projeto possuem necessidades estritas em rela\u00e7\u00e3o \u00e0 comunica\u00e7\u00e3o confi\u00e1vel e com alta disponibilidade, al\u00e9m de baixa lat\u00eancia na transfer\u00eancia de informa\u00e7\u00f5es. Dessa forma, necessitam de uma infraestrutura de redes 5G que forne\u00e7a uma grande capacidade e velocidade de comunica\u00e7\u00e3o, com um grande n\u00famero de dispositivos e baixa lat\u00eancia.<\/p>\n<h2 class=\"query-text-line ng-star-inserted\" style=\"text-align: center\"><strong>Desafios<\/strong><\/h2>\n<p class=\"query-text-line ng-star-inserted\" style=\"text-align: justify\">Diversos desafios s\u00e3o endere\u00e7ados nesta proposta, como a integra\u00e7\u00e3o de dispositivos heterog\u00eaneos com a infraestrutura de comunica\u00e7\u00e3o, assegurando interoperabilidade e efici\u00eancia operacional. Al\u00e9m disso, buscam-se maneiras eficientes de gerenciar o processamento na borda da rede e armazenamento na nuvem, visando otimizar o uso de recursos e a velocidade de resposta a eventos cr\u00edticos.<\/p>\n<p class=\"query-text-line ng-star-inserted\" style=\"text-align: justify\">T\u00e9cnicas avan\u00e7adas de Intelig\u00eancia Artificial ser\u00e3o aplicadas para a detec\u00e7\u00e3o autom\u00e1tica de incidentes e an\u00e1lise avan\u00e7ada de dados multim\u00eddia. Com isso pretende-se ampliar a \u201cconsci\u00eancia situacional\u201d de agentes da seguran\u00e7a, ou seja, ampliar a percep\u00e7\u00e3o de elementos e eventos do contexto e com isso melhorar a compreens\u00e3o da situa\u00e7\u00e3o presente e possibilitar proje\u00e7\u00f5es confi\u00e1veis do que pode acontecer a seguir.<\/p>\n","protected":false},"excerpt":{"rendered":"<p>Sobre N\u00f3s O SPICI &#8211; Seguran\u00e7a P\u00fablica Integrada em Cidades Inteligentes,\u00a0 \u00e9 um projeto financiado pela FINEP e apoiado pela FUNPEC\/UFRN com atua\u00e7\u00e3o na \u00e1rea de seguran\u00e7a p\u00fablica utilizando tecnologias 5G em um cen\u00e1rio de cidades inteligentes. Fazem parte desse projeto professores do quadro permanente do DIMAp e do IMD\/UFRN, [&hellip;]<\/p>\n","protected":false},"author":3,"featured_media":0,"parent":0,"menu_order":0,"comment_status":"closed","ping_status":"closed","template":"","meta":{"_themeisle_gutenberg_block_has_review":false,"footnotes":""},"class_list":["post-276","page","type-page","status-publish","hentry"],"_links":{"self":[{"href":"https:\/\/smlab.imd.ufrn.br\/spici\/wp-json\/wp\/v2\/pages\/276","targetHints":{"allow":["GET"]}}],"collection":[{"href":"https:\/\/smlab.imd.ufrn.br\/spici\/wp-json\/wp\/v2\/pages"}],"about":[{"href":"https:\/\/smlab.imd.ufrn.br\/spici\/wp-json\/wp\/v2\/types\/page"}],"author":[{"embeddable":true,"href":"https:\/\/smlab.imd.ufrn.br\/spici\/wp-json\/wp\/v2\/users\/3"}],"replies":[{"embeddable":true,"href":"https:\/\/smlab.imd.ufrn.br\/spici\/wp-json\/wp\/v2\/comments?post=276"}],"version-history":[{"count":3,"href":"https:\/\/smlab.imd.ufrn.br\/spici\/wp-json\/wp\/v2\/pages\/276\/revisions"}],"predecessor-version":[{"id":288,"href":"https:\/\/smlab.imd.ufrn.br\/spici\/wp-json\/wp\/v2\/pages\/276\/revisions\/288"}],"wp:attachment":[{"href":"https:\/\/smlab.imd.ufrn.br\/spici\/wp-json\/wp\/v2\/media?parent=276"}],"curies":[{"name":"wp","href":"https:\/\/api.w.org\/{rel}","templated":true}]}}