{"id":123,"date":"2024-12-20T20:23:32","date_gmt":"2024-12-20T23:23:32","guid":{"rendered":"https:\/\/smlab.imd.ufrn.br\/spici\/?page_id=123"},"modified":"2026-03-10T15:28:53","modified_gmt":"2026-03-10T18:28:53","slug":"solucoes","status":"publish","type":"page","link":"https:\/\/smlab.imd.ufrn.br\/spici\/solucoes\/","title":{"rendered":"Solu\u00e7\u00f5es"},"content":{"rendered":"<p style=\"text-align: justify\">Ser\u00e3o disponibilizadas aplica\u00e7\u00f5es que devem desempenhar um papel importante no ecossistema de seguran\u00e7a p\u00fablica, facilitando desde a resposta a emerg\u00eancias at\u00e9 o gerenciamento estrat\u00e9gico de crises. O projeto tamb\u00e9m visa oferecer suporte adequado ao ciclo completo de desenvolvimento, integra\u00e7\u00e3o e execu\u00e7\u00e3o das aplica\u00e7\u00f5es, garantindo sua efic\u00e1cia e confiabilidade no ambiente real de opera\u00e7\u00e3o.<\/p>\n<p>&nbsp;<\/p>\n<h2 style=\"text-align: center\"><strong>Progresso Atual<\/strong><\/h2>\n<p style=\"text-align: justify\">O foco atual do projeto est\u00e1 no desenvolvimento de um m\u00f3dulo que permita o processamento inteligente de streaming de dados em tempo real. Al\u00e9m disso, est\u00e3o em desenvolvimento solu\u00e7\u00f5es voltadas para a seguran\u00e7a p\u00fablica, utilizando tecnologias 5G, detalhadas abaixo.<\/p>\n<p>&nbsp;<\/p>\n<h4 style=\"text-align: left\">Aplicativo para Atendimento de Ocorr\u00eancias<\/h4>\n<p style=\"text-align: justify\">Um aplicativo m\u00f3vel voltado para o policial em campo que visa auxiliar no <strong>atendimento de ocorr\u00eancias<\/strong> est\u00e1 sendo desenvolvido por meio da parceria entre o projeto <strong>SPICI<\/strong>, o <strong>CIOSP<\/strong> e o projeto <strong>Smart Metropolis<\/strong> e poder\u00e1 ser integrado ao CAD, solu\u00e7\u00e3o do <a href=\"https:\/\/smlab.imd.ufrn.br\/projetos\" class=\"customize-unpreviewable\">SmartMetropolisLab<\/a>.<\/p>\n<p>&nbsp;<\/p>\n<h4 style=\"text-align: left\">C\u00e2mera Veicular Inteligente<\/h4>\n<p style=\"text-align: justify\"><span>Uma <\/span><b>c\u00e2mera veicular m\u00f3vel<\/b><span> com <\/span><b>rastreamento autom\u00e1tico de objetos de interesse<\/b><span>, como ve\u00edculos, visando a <\/span><b>captura eficiente de imagens para o reconhecimento<\/b><span> desses objetos encontra\u2011se em fase desenvolvimento. Um prot\u00f3tipo inicial j\u00e1 demonstra o funcionamento inicial do controle de movimenta\u00e7\u00e3o e rastreamento.<\/span><\/p>\n<p>&nbsp;<\/p>\n<h4 style=\"text-align: left\">Aplicativo para Socorristas Atuando em Grandes Desastres<\/h4>\n<p style=\"text-align: justify\"><span>Dada a complexidade e a magnitude dos grandes desastres, uma maior prepara\u00e7\u00e3o \u00e9 demandada aos pa\u00edses para gerenciamento integrado e coordenado dos riscos de desastres. Desta forma, \u00e9 essencial desenvolver aplica\u00e7\u00f5es que facilitem a operacionaliza\u00e7\u00e3o de planos de a\u00e7\u00e3o. Neste contexto, est\u00e1 sendo desenvolvido uma aplica\u00e7\u00e3o voltada a <\/span><b>facilitar a\u00e7\u00f5es de resposta e assist\u00eancia as popula\u00e7\u00f5es afetadas<\/b><span>.\u00a0<\/span><\/p>\n<p style=\"text-align: justify\"><span>Na ocorr\u00eancia de desastres, <\/span><b>informa\u00e7\u00f5es em tempo real<\/b><span> s\u00e3o fundamentais para a tomada de decis\u00e3o e coordena\u00e7\u00e3o de equipes. Diversas fontes de informa\u00e7\u00f5es, como <\/span><b>c\u00e2meras urbanas<\/b><span>, contribuem para melhorar a consci\u00eancia situacional durante o processo de salvamento, mas \u00e9 impratic\u00e1vel analisar a imagem dessas c\u00e2meras em tempo real por operadores humanos. O uso de <\/span><b>intelig\u00eancia artificial<\/b><span> no processamento dessas imagens permite o monitoramento autom\u00e1tico da regi\u00e3o do desastre e a emiss\u00e3o de alertas que apoiam as opera\u00e7\u00f5es de resgate.<\/span><\/p>\n<p style=\"text-align: justify\">\n","protected":false},"excerpt":{"rendered":"<p>Ser\u00e3o disponibilizadas aplica\u00e7\u00f5es que devem desempenhar um papel importante no ecossistema de seguran\u00e7a p\u00fablica, facilitando desde a resposta a emerg\u00eancias at\u00e9 o gerenciamento estrat\u00e9gico de crises. O projeto tamb\u00e9m visa oferecer suporte adequado ao ciclo completo de desenvolvimento, integra\u00e7\u00e3o e execu\u00e7\u00e3o das aplica\u00e7\u00f5es, garantindo sua efic\u00e1cia e confiabilidade no ambiente [&hellip;]<\/p>\n","protected":false},"author":1,"featured_media":0,"parent":0,"menu_order":0,"comment_status":"closed","ping_status":"closed","template":"page-templates\/template-fullwidth.php","meta":{"_themeisle_gutenberg_block_has_review":false,"footnotes":""},"class_list":["post-123","page","type-page","status-publish","hentry"],"_links":{"self":[{"href":"https:\/\/smlab.imd.ufrn.br\/spici\/wp-json\/wp\/v2\/pages\/123","targetHints":{"allow":["GET"]}}],"collection":[{"href":"https:\/\/smlab.imd.ufrn.br\/spici\/wp-json\/wp\/v2\/pages"}],"about":[{"href":"https:\/\/smlab.imd.ufrn.br\/spici\/wp-json\/wp\/v2\/types\/page"}],"author":[{"embeddable":true,"href":"https:\/\/smlab.imd.ufrn.br\/spici\/wp-json\/wp\/v2\/users\/1"}],"replies":[{"embeddable":true,"href":"https:\/\/smlab.imd.ufrn.br\/spici\/wp-json\/wp\/v2\/comments?post=123"}],"version-history":[{"count":11,"href":"https:\/\/smlab.imd.ufrn.br\/spici\/wp-json\/wp\/v2\/pages\/123\/revisions"}],"predecessor-version":[{"id":212,"href":"https:\/\/smlab.imd.ufrn.br\/spici\/wp-json\/wp\/v2\/pages\/123\/revisions\/212"}],"wp:attachment":[{"href":"https:\/\/smlab.imd.ufrn.br\/spici\/wp-json\/wp\/v2\/media?parent=123"}],"curies":[{"name":"wp","href":"https:\/\/api.w.org\/{rel}","templated":true}]}}