{"id":121,"date":"2024-12-20T20:23:21","date_gmt":"2024-12-20T23:23:21","guid":{"rendered":"https:\/\/smlab.imd.ufrn.br\/spici\/?page_id=121"},"modified":"2026-03-10T15:47:50","modified_gmt":"2026-03-10T18:47:50","slug":"publicacoes","status":"publish","type":"page","link":"https:\/\/smlab.imd.ufrn.br\/spici\/publicacoes\/","title":{"rendered":"Publica\u00e7\u00f5es"},"content":{"rendered":"<h3 style=\"text-align: center\"><strong>2025<\/strong><\/h3>\n<ul>\n<li>\n<p data-pm-slice=\"1 1 []\" style=\"text-align: left\">BATISTA, T.; CAVALCANTE, E; COSTA, K.; LOSS, S.; LOPES, F.; CACHO, N.; <strong>Harnessing Edge Computing and Artificial Intelligence for Real-Time Video Analytics in Disaster Management.<\/strong> <em>In: 5th International Workshop &#8220;From Cloud to Things: towards the convergence of IoT, Edge and Cloud Computing&#8221; &#8211; Cloud2Things 2025<\/em>. Filand<\/p>\n<\/li>\n<li style=\"text-align: left\">\n<p data-pm-slice=\"1 1 []\">LIRA, P.; LOSS, S.; COSTA, K.; ARA\u00daJO, D.; ROCHA NETO, A.; CACHO, N.; BATISTA, T.; CAVALCANTE, E.; LOPES, F.; NOGUEIRA, E. <strong>Enhancing public safety situational awareness using edge intelligence<\/strong>. <em>In: INTERNATIONAL CONFERENCE ON DESIGN OF CIRCUITS AND INTEGRATED SYSTEMS (DSD &#8211; WORK IN PROGRESS SESSION),<\/em> 2025. <strong>DOI<\/strong>: <a href=\"https:\/\/doi.org\/10.64552\/wipiec.v11i1.88\">10.64552\/wipiec.v11i1.88<\/a><\/p>\n<\/li>\n<li style=\"text-align: left\">\n<p data-pm-slice=\"1 1 []\"><a href=\"https:\/\/doi.org\/10.64552\/wipiec.v11i1.88\"><\/a>LIRA, P.; COSTA, K.; LOSS, S.; LIMA, L.; ARA\u00daJO, D.; NOGUEIRA, E.; ROCHA NETO, A.; BATISTA, T.; CACHO, N.; CAVALCANTE, E.; LOPES, F. <strong>Enhancing situational awareness in public safety with frame-accumulated face recognition and distance-based evaluation.<\/strong> <em>In: BRAZILIAN CONFERENCE ON INTELLIGENT SYSTEMS (BRACIS)<\/em>, 2025, Fortaleza.<\/p>\n<\/li>\n<li style=\"text-align: left\">\n<p data-pm-slice=\"1 1 []\">LOSS, S.; COSTA, K.; HEDIGLIRANES, A.; VARELA, P.; LIM\u00c3O, J. P.; BATISTA, T.; ROCHA NETO, A.; SABINO, D.; CACHO, N.; LOPES, F.; CAVALCANTE, E. <strong>Um sistema m\u00f3vel inteligente com computa\u00e7\u00e3o na borda para atendimento de ocorr\u00eancias de seguran\u00e7a p\u00fablica<\/strong>. <em>In: SEMIN\u00c1RIO INTEGRADO DE SOFTWARE E HARDWARE (SEMISH),<\/em> 2025, Macei\u00f3. <strong>DOI<\/strong>: <a href=\"https:\/\/doi.org\/10.5753\/semish.2025.8405\">10.5753\/semish.2025.8405<\/a><\/p>\n<\/li>\n<li style=\"text-align: left\">\n<p data-pm-slice=\"1 1 []\">LOSS, S.; COSTA, K.; GURGEL, L.; SALES, R.; BRITO, V.; BATISTA, T.; CAVALCANTE, E.; LOPES, F.; ROCHA NETO, A.; CACHO, N. <strong>A framework for live situational awareness in stream-based 5G applications.<\/strong> <em>In: IEEE LATIN AMERICAN CONFERENCE ON INTERNET OF THINGS (IEEE LACIoT),<\/em> 1., 2025, Fortaleza. <strong>DOI<\/strong>: <a href=\"http:\/\/dx.doi.org\/10.1109\/LCIoT64881.2025.11118567\">10.1109\/LCIoT64881.2025.11118567<\/a><\/p>\n<\/li>\n<\/ul>\n","protected":false},"excerpt":{"rendered":"<p>2025 BATISTA, T.; CAVALCANTE, E; COSTA, K.; LOSS, S.; LOPES, F.; CACHO, N.; Harnessing Edge Computing and Artificial Intelligence for Real-Time Video Analytics in Disaster Management. In: 5th International Workshop &#8220;From Cloud to Things: towards the convergence of IoT, Edge and Cloud Computing&#8221; &#8211; Cloud2Things 2025. Filand LIRA, P.; LOSS, [&hellip;]<\/p>\n","protected":false},"author":1,"featured_media":0,"parent":0,"menu_order":0,"comment_status":"closed","ping_status":"closed","template":"","meta":{"_themeisle_gutenberg_block_has_review":false,"footnotes":""},"class_list":["post-121","page","type-page","status-publish","hentry"],"_links":{"self":[{"href":"https:\/\/smlab.imd.ufrn.br\/spici\/wp-json\/wp\/v2\/pages\/121","targetHints":{"allow":["GET"]}}],"collection":[{"href":"https:\/\/smlab.imd.ufrn.br\/spici\/wp-json\/wp\/v2\/pages"}],"about":[{"href":"https:\/\/smlab.imd.ufrn.br\/spici\/wp-json\/wp\/v2\/types\/page"}],"author":[{"embeddable":true,"href":"https:\/\/smlab.imd.ufrn.br\/spici\/wp-json\/wp\/v2\/users\/1"}],"replies":[{"embeddable":true,"href":"https:\/\/smlab.imd.ufrn.br\/spici\/wp-json\/wp\/v2\/comments?post=121"}],"version-history":[{"count":11,"href":"https:\/\/smlab.imd.ufrn.br\/spici\/wp-json\/wp\/v2\/pages\/121\/revisions"}],"predecessor-version":[{"id":253,"href":"https:\/\/smlab.imd.ufrn.br\/spici\/wp-json\/wp\/v2\/pages\/121\/revisions\/253"}],"wp:attachment":[{"href":"https:\/\/smlab.imd.ufrn.br\/spici\/wp-json\/wp\/v2\/media?parent=121"}],"curies":[{"name":"wp","href":"https:\/\/api.w.org\/{rel}","templated":true}]}}